{"id":31407,"date":"2020-09-29T15:18:18","date_gmt":"2020-09-29T12:18:18","guid":{"rendered":"http:\/\/www.soteksetiket.com\/v2\/?page_id=31407"},"modified":"2022-02-07T21:41:08","modified_gmt":"2022-02-07T18:41:08","slug":"referanslarimiz","status":"publish","type":"page","link":"https:\/\/www.soteksetiket.com\/v2\/referanslarimiz\/","title":{"rendered":"Referanslar\u0131m\u0131z"},"content":{"rendered":"<div class=\"wpb-content-wrapper\"><p>[vc_row full_width=&#8221;stretch_row_content_no_spaces&#8221; equal_height=&#8221;yes&#8221; css=&#8221;.vc_custom_1613334644753{margin-top: -150px !important;margin-bottom: 0px !important;}&#8221; custom_css_code=&#8221;JTQwbWVkaWElMjAlMjhtYXgtd2lkdGglM0ElMjAxMTk5cHglMjklN0IlMEElMjAlMjAlMjAlMjAlNDBpZC53cGJfcm93JTIwJTNFJTIwJTJBJTJDJTBBJTIwJTIwJTIwJTIwLndwYl9yb3clMjAlM0UlMjAlMkElN0IlMEElMjAlMjAlMjAlMjAlMjAlMjAlMjAlMjBtYXJnaW4tdG9wJTNBJTIwMCUzQiUwQSUyMCUyMCUyMCUyMCU3RCUwQSU3RCUwQSU0MG1lZGlhJTIwJTI4bWluLXdpZHRoJTNBJTIwMTE5OXB4JTI5JTdCJTBBJTIwJTIwJTIwJTIwLnRpdGxlLXhsYXJnZSUyMCU3QiUwQSUyMCUyMCUyMCUyMCUyMCUyMCUyMCUyMGZvbnQtc2l6ZSUzQSUyMDEyMHB4JTNCJTBBJTIwJTIwJTIwJTIwJTIwJTIwJTIwJTIwbGluZS1oZWlnaHQlM0ElMjAxMjBweCUzQiUwQSUyMCUyMCUyMCUyMCU3RCUwQSU3RCUwQS5xb3V0ZS1ibG9jayUzQWFmdGVyJTdCJTBBJTIwJTIwJTIwJTIwY29udGVudCUzQSUyMCUyNyVFRSU5OCU4QyUyNyUzQiUwQSUyMCUyMCUyMCUyMGNvbG9yJTNBJTIwJTIzNGQ0ZjVlJTNCJTBBJTIwJTIwJTIwJTIwcG9zaXRpb24lM0ElMjBhYnNvbHV0ZSUzQiUwQSUyMCUyMCUyMCUyMHotaW5kZXglM0ElMjAxJTNCJTBBJTIwJTIwJTIwJTIwZm9udC1mYW1pbHklM0ElMjB0aGVnZW0taWNvbnMlM0IlMEElMjAlMjAlMjAlMjBmb250LXNpemUlM0ElMjA4MHB4JTNCJTBBJTIwJTIwJTIwJTIwbGluZS1oZWlnaHQlM0ElMjA0MHB4JTNCJTBBJTIwJTIwJTIwJTIwcmlnaHQlM0ElMjAzMHB4JTNCJTBBJTIwJTIwJTIwJTIwYm90dG9tJTNBJTIwMCUzQiUwQSU3RCUwQS5nZW0tdGV4dGJveCUyMCU3QiUwQSUyMCUyMCUyMCUyMG1hcmdpbi1ib3R0b20lM0ElMjAwJTNCJTBBJTdEJTBBJTQwbWVkaWElMjhtaW4td2lkdGglM0ElMjAxMTk5cHglMjklMjAlN0IlMjAlMEElMjAlMjAlMjAlMjAuZ2VtLWNvdW50ZXItbnVtYmVyJTIwJTdCJTBBJTIwJTIwJTIwJTIwJTIwJTIwJTIwJTIwZm9udC1zaXplJTNBMTIwcHglM0IlMEElMjAlMjAlMjAlMjAlMjAlMjAlMjAlMjBsaW5lLWhlaWdodCUzQTEyMHB4JTNCJTBBJTIwJTIwJTIwJTIwJTdEJTBBJTdEJTBB&#8221;][vc_column css=&#8221;.vc_custom_1589542057730{padding-top: 250px !important;padding-bottom: 250px !important;background-image: url(http:\/\/www.soteksetiket.com\/v2\/wp-content\/uploads\/2020\/01\/blocks-image-04.jpg?id=107) !important;background-position: center !important;background-repeat: no-repeat !important;background-size: cover !important;}&#8221; offset=&#8221;vc_col-lg-6 vc_col-md-12&#8243;][\/vc_column][vc_column css=&#8221;.vc_custom_1589538105391{padding-top: 0px !important;background-color: #ffffff !important;}&#8221; offset=&#8221;vc_col-lg-6&#8243;][vc_row_inner][vc_column_inner disable_custom_paddings_mobile=&#8221;true&#8221; css=&#8221;.vc_custom_1589542003666{padding-top: 110px !important;padding-right: 100px !important;padding-left: 120px !important;}&#8221;][vc_column_text]<\/p>\n<div class=\"styled-subtitle\"><span style=\"color: #3c3950;\">Ba\u015far\u0131l\u0131 markalara destek vermekte uzman\u0131z, Disiplinli ve alan\u0131nda uzmanlarla kusursuz hizmet verebilmek i\u00e7in \u00e7al\u0131\u015f\u0131yoruz.<\/span><\/div>\n<p>[\/vc_column_text][\/vc_column_inner][\/vc_row_inner]<div class=\"clearboth\"><\/div><style>#thegem-divider-69eb83320b2ce {margin-top: 105px !important;}<\/style><div id=\"thegem-divider-69eb83320b2ce\" class=\"gem-divider  \" style=\"\" ><\/div>[vc_row_inner equal_height=&#8221;yes&#8221; content_placement=&#8221;middle&#8221; css=&#8221;.vc_custom_1589541481106{margin-bottom: 0px !important;}&#8221;][vc_column_inner el_class=&#8221;qoute-block&#8221; width=&#8221;1\/2&#8243; css=&#8221;.vc_custom_1589540603778{padding-top: 0px !important;background-color: #2c2e3d !important;}&#8221;]<div class=\"clearboth\"><\/div><style>#thegem-divider-69eb83320b2fb {margin-top: 100px !important;}<\/style><div id=\"thegem-divider-69eb83320b2fb\" class=\"gem-divider  \" style=\"\" ><\/div>[vc_column_text css=&#8221;.vc_custom_1601382054734{padding-top: 20px !important;padding-right: 50px !important;padding-left: 50px !important;}&#8221;]<\/p>\n<div class=\"styled-subtitle\"><span style=\"color: #fff;\">D\u00dcNYANIN EN B\u00dcY\u00dcK TEKST\u0130L \u00dcRET\u0130C\u0130LER\u0130NE ET\u0130KET DESTE\u011e\u0130 VER\u0130YORUZ.<\/span><\/div>\n<p>[\/vc_column_text]<div class=\"clearboth\"><\/div><style>#thegem-divider-69eb83320b314 {margin-top: 100px !important;}<\/style><div id=\"thegem-divider-69eb83320b314\" class=\"gem-divider  \" style=\"\" ><\/div>[\/vc_column_inner][vc_column_inner width=&#8221;1\/2&#8243; css=&#8221;.vc_custom_1589541668170{padding-top: 22px !important;padding-right: 22px !important;padding-bottom: 22px !important;padding-left: 22px !important;background-color: #3f99ff !important;}&#8221;]<div class=\"gem-textbox  centered-box\"  ><div class=\"gem-textbox-inner\" style=\"border: 6px solid #ffffff;\"><div class=\"gem-textbox-content\" style=\"background-position: center top;\"><div class=\"clearboth\"><\/div><style>#thegem-divider-69eb83320b443 {margin-top: 50px !important;}<\/style><div id=\"thegem-divider-69eb83320b443\" class=\"gem-divider  \" style=\"\" ><\/div>[vc_column_text]<\/p>\n<div class=\"title-xlarge\" style=\"text-align: center;\"><span style=\"color: #ffffff;\">20+<\/span><\/div>\n<p>[\/vc_column_text][vc_column_text]<\/p>\n<div class=\"styled-subtitle\" style=\"text-align: center;\"><span style=\"color: #ffffff;\">Years of Experience<\/span><\/div>\n<p>[\/vc_column_text]<div class=\"clearboth\"><\/div><style>#thegem-divider-69eb83320b464 {margin-top: 50px !important;}<\/style><div id=\"thegem-divider-69eb83320b464\" class=\"gem-divider  \" style=\"\" ><\/div><\/div><\/div><\/div>[\/vc_column_inner][\/vc_row_inner][\/vc_column][\/vc_row][vc_row][vc_column]<div class=\"clearboth\"><\/div><style>#thegem-divider-69eb83320b48c {margin-top: 100px !important;}<\/style><div id=\"thegem-divider-69eb83320b48c\" class=\"gem-divider  \" style=\"\" ><\/div>[vc_gallery type=&#8221;image_grid&#8221; images=&#8221;31832,31833,31790,31791,31792,31793,31794,31795,31796,31797,31798,31799,31800,31801,31802,31803,31804,31805,31806,31807,31808,31809,31811,31812,31813,31814,31815,31816,31817,31818,31819,31820,31821,31822,31823,31824,31825,31826,31827&#8243; img_size=&#8221;200&#215;146&#8243;][\/vc_column][\/vc_row]<\/p>\n<\/div>","protected":false},"excerpt":{"rendered":"<p>[vc_row full_width=&#8221;stretch_row_content_no_spaces&#8221; equal_height=&#8221;yes&#8221; css=&#8221;.vc_custom_1613334644753{margin-top: -150px !important;margin-bottom: 0px !important;}&#8221; custom_css_code=&#8221;JTQwbWVkaWElMjAlMjhtYXgtd2lkdGglM0ElMjAxMTk5cHglMjklN0IlMEElMjAlMjAlMjAlMjAlNDBpZC53cGJfcm93JTIwJTNFJTIwJTJBJTJDJTBBJTIwJTIwJTIwJTIwLndwYl9yb3clMjAlM0UlMjAlMkElN0IlMEElMjAlMjAlMjAlMjAlMjAlMjAlMjAlMjBtYXJnaW4tdG9wJTNBJTIwMCUzQiUwQSUyMCUyMCUyMCUyMCU3RCUwQSU3RCUwQSU0MG1lZGlhJTIwJTI4bWluLXdpZHRoJTNBJTIwMTE5OXB4JTI5JTdCJTBBJTIwJTIwJTIwJTIwLnRpdGxlLXhsYXJnZSUyMCU3QiUwQSUyMCUyMCUyMCUyMCUyMCUyMCUyMCUyMGZvbnQtc2l6ZSUzQSUyMDEyMHB4JTNCJTBBJTIwJTIwJTIwJTIwJTIwJTIwJTIwJTIwbGluZS1oZWlnaHQlM0ElMjAxMjBweCUzQiUwQSUyMCUyMCUyMCUyMCU3RCUwQSU3RCUwQS5xb3V0ZS1ibG9jayUzQWFmdGVyJTdCJTBBJTIwJTIwJTIwJTIwY29udGVudCUzQSUyMCUyNyVFRSU5OCU4QyUyNyUzQiUwQSUyMCUyMCUyMCUyMGNvbG9yJTNBJTIwJTIzNGQ0ZjVlJTNCJTBBJTIwJTIwJTIwJTIwcG9zaXRpb24lM0ElMjBhYnNvbHV0ZSUzQiUwQSUyMCUyMCUyMCUyMHotaW5kZXglM0ElMjAxJTNCJTBBJTIwJTIwJTIwJTIwZm9udC1mYW1pbHklM0ElMjB0aGVnZW0taWNvbnMlM0IlMEElMjAlMjAlMjAlMjBmb250LXNpemUlM0ElMjA4MHB4JTNCJTBBJTIwJTIwJTIwJTIwbGluZS1oZWlnaHQlM0ElMjA0MHB4JTNCJTBBJTIwJTIwJTIwJTIwcmlnaHQlM0ElMjAzMHB4JTNCJTBBJTIwJTIwJTIwJTIwYm90dG9tJTNBJTIwMCUzQiUwQSU3RCUwQS5nZW0tdGV4dGJveCUyMCU3QiUwQSUyMCUyMCUyMCUyMG1hcmdpbi1ib3R0b20lM0ElMjAwJTNCJTBBJTdEJTBBJTQwbWVkaWElMjhtaW4td2lkdGglM0ElMjAxMTk5cHglMjklMjAlN0IlMjAlMEElMjAlMjAlMjAlMjAuZ2VtLWNvdW50ZXItbnVtYmVyJTIwJTdCJTBBJTIwJTIwJTIwJTIwJTIwJTIwJTIwJTIwZm9udC1zaXplJTNBMTIwcHglM0IlMEElMjAlMjAlMjAlMjAlMjAlMjAlMjAlMjBsaW5lLWhlaWdodCUzQTEyMHB4JTNCJTBBJTIwJTIwJTIwJTIwJTdEJTBBJTdEJTBB&#8221;][vc_column css=&#8221;.vc_custom_1589542057730{padding-top: 250px !important;padding-bottom: 250px !important;background-image: url(http:\/\/www.soteksetiket.com\/v2\/wp-content\/uploads\/2020\/01\/blocks-image-04.jpg?id=107) !important;background-position: center !important;background-repeat: no-repeat !important;background-size:&#8230;<\/p>\n","protected":false},"author":1,"featured_media":0,"parent":0,"menu_order":0,"comment_status":"closed","ping_status":"closed","template":"","meta":{"footnotes":""},"class_list":["post-31407","page","type-page","status-publish"],"_links":{"self":[{"href":"https:\/\/www.soteksetiket.com\/v2\/wp-json\/wp\/v2\/pages\/31407","targetHints":{"allow":["GET"]}}],"collection":[{"href":"https:\/\/www.soteksetiket.com\/v2\/wp-json\/wp\/v2\/pages"}],"about":[{"href":"https:\/\/www.soteksetiket.com\/v2\/wp-json\/wp\/v2\/types\/page"}],"author":[{"embeddable":true,"href":"https:\/\/www.soteksetiket.com\/v2\/wp-json\/wp\/v2\/users\/1"}],"replies":[{"embeddable":true,"href":"https:\/\/www.soteksetiket.com\/v2\/wp-json\/wp\/v2\/comments?post=31407"}],"version-history":[{"count":21,"href":"https:\/\/www.soteksetiket.com\/v2\/wp-json\/wp\/v2\/pages\/31407\/revisions"}],"predecessor-version":[{"id":31834,"href":"https:\/\/www.soteksetiket.com\/v2\/wp-json\/wp\/v2\/pages\/31407\/revisions\/31834"}],"wp:attachment":[{"href":"https:\/\/www.soteksetiket.com\/v2\/wp-json\/wp\/v2\/media?parent=31407"}],"curies":[{"name":"wp","href":"https:\/\/api.w.org\/{rel}","templated":true}]}}